{"id":250962,"date":"2026-02-26T11:32:22","date_gmt":"2026-02-26T11:32:22","guid":{"rendered":"https:\/\/deltacontrols.nl\/?page_id=250962"},"modified":"2026-04-09T13:55:19","modified_gmt":"2026-04-09T13:55:19","slug":"our-locations","status":"publish","type":"page","link":"https:\/\/deltacontrols.nl\/fr\/contact\/our-locations\/","title":{"rendered":"Nos implantations"},"content":{"rendered":"<p>[et_pb_section fb_built=&#8221;1&#8243; custom_padding_last_edited=&#8221;on|phone&#8221; module_class=&#8221;header&#8221; _builder_version=&#8221;4.27.6&#8243; _module_preset=&#8221;default&#8221; use_background_color_gradient=&#8221;on&#8221; background_color_gradient_direction=&#8221;90deg&#8221; background_color_gradient_stops=&#8221;rgba(11,26,54,0.85) 0%|rgba(11,26,54,0.3) 100%&#8221; background_color_gradient_overlays_image=&#8221;on&#8221; background_image=&#8221;https:\/\/deltacontrols.nl\/wp-content\/uploads\/2026\/04\/pand.webp&#8221; height=&#8221;65vh&#8221; height_tablet=&#8221;auto&#8221; height_phone=&#8221;auto&#8221; height_last_edited=&#8221;on|phone&#8221; custom_padding=&#8221;100px||100px||true|false&#8221; custom_padding_tablet=&#8221;100px||100px||true|false&#8221; custom_padding_phone=&#8221;100px||0px||false|false&#8221; locked=&#8221;off&#8221; global_colors_info=&#8221;{}&#8221;][et_pb_row column_structure=&#8221;3_5,2_5&#8243; _builder_version=&#8221;4.27.5&#8243; positioning=&#8221;absolute&#8221; position_origin_a=&#8221;bottom_center&#8221; vertical_offset=&#8221;10vh&#8221; position_origin_a_tablet=&#8221;bottom_center&#8221; position_origin_a_phone=&#8221;bottom_center&#8221; position_origin_a_last_edited=&#8221;on|desktop&#8221; position_origin_f_tablet=&#8221;&#8221; position_origin_f_phone=&#8221;&#8221; position_origin_f_last_edited=&#8221;on|desktop&#8221; position_origin_r_tablet=&#8221;&#8221; position_origin_r_phone=&#8221;&#8221; position_origin_r_last_edited=&#8221;on|desktop&#8221; custom_margin=&#8221;0px||0px||true|false&#8221; custom_padding=&#8221;0px||0px||true|false&#8221; positioning_tablet=&#8221;none&#8221; positioning_phone=&#8221;none&#8221; positioning_last_edited=&#8221;on|phone&#8221; global_colors_info=&#8221;{}&#8221;][et_pb_column type=&#8221;3_5&#8243; _builder_version=&#8221;4.16&#8243; global_colors_info=&#8221;{}&#8221;][et_pb_text _builder_version=&#8221;4.27.5&#8243; header_text_color=&#8221;#FFFFFF&#8221; header_font_size=&#8221;70px&#8221; custom_margin=&#8221;0px||0px||true|false&#8221; custom_padding=&#8221;0px||0px||true|false&#8221; header_font_size_tablet=&#8221;60px&#8221; header_font_size_phone=&#8221;50px&#8221; header_font_size_last_edited=&#8221;on|phone&#8221; global_colors_info=&#8221;{}&#8221;]<\/p>\n<h1>Our Locations<\/h1>\n<p>[\/et_pb_text][et_pb_divider color=&#8221;#008CBE&#8221; divider_position=&#8221;center&#8221; divider_weight=&#8221;4px&#8221; _builder_version=&#8221;4.27.5&#8243; _module_preset=&#8221;default&#8221; width=&#8221;25%&#8221; custom_margin=&#8221;0px||10px||false|false&#8221; custom_padding=&#8221;0px||0px||true|false&#8221; global_colors_info=&#8221;{}&#8221;][\/et_pb_divider][et_pb_text _builder_version=&#8221;4.27.6&#8243; text_text_color=&#8221;#FFFFFF&#8221; text_font_size=&#8221;18px&#8221; custom_margin=&#8221;0px||||false|false&#8221; custom_padding=&#8221;0px||||false|false&#8221; global_colors_info=&#8221;{}&#8221;]<\/p>\n<p>Delta Controls operates from two strategic locations in the Netherlands, allowing us to serve our customers efficiently across the region.<\/p>\n<p>[\/et_pb_text][et_pb_button button_url=&#8221;\/request-a-quote\/&#8221; button_text=&#8221;Request a quote&#8221; _builder_version=&#8221;4.27.6&#8243; _module_preset=&#8221;default&#8221; button_text_color=&#8221;#026596&#8243; button_border_width=&#8221;1px&#8221; button_border_color=&#8221;#FFFFFF&#8221; button_border_radius=&#8221;4px&#8221; button_use_icon=&#8221;off&#8221; custom_margin=&#8221;0px||0px||false|false&#8221; custom_margin_tablet=&#8221;||20px||false|false&#8221; custom_margin_phone=&#8221;||20px||false|false&#8221; custom_margin_last_edited=&#8221;on|phone&#8221; custom_css_main_element=&#8221;float:left;||margin-right:20px;&#8221; global_colors_info=&#8221;{}&#8221; button_text_color__hover_enabled=&#8221;off|desktop&#8221; button_bg_color__hover_enabled=&#8221;on|desktop&#8221; button_bg_color__hover=&#8221;#F0F6FF&#8221; button_border_width__hover_enabled=&#8221;off|desktop&#8221; button_border_color__hover_enabled=&#8221;off|desktop&#8221; button_border_radius__hover_enabled=&#8221;off|desktop&#8221; custom_css_main_element_last_edited=&#8221;on|phone&#8221; custom_css_main_element_phone=&#8221; &#8221; custom_css_main_element_tablet=&#8221; &#8220;][\/et_pb_button][et_pb_button button_url=&#8221;\/contact\/&#8221; button_text=&#8221;Contact us&#8221; _builder_version=&#8221;4.27.5&#8243; _module_preset=&#8221;default&#8221; button_text_color=&#8221;#FFFFFF&#8221; button_bg_color=&#8221;RGBA(255,255,255,0)&#8221; button_border_width=&#8221;1px&#8221; button_border_color=&#8221;#FFFFFF&#8221; button_border_radius=&#8221;4px&#8221; button_icon=&#8221;&#xf061;||fa||900&#8243; custom_margin=&#8221;0px||0px||true|false&#8221; custom_padding=&#8221;10px|45px|10px|30px|true|false&#8221; custom_css_main_element=&#8221;float:left;&#8221; custom_css_after=&#8221;padding-left:5px;&#8221; global_colors_info=&#8221;{}&#8221; button_text_color__hover_enabled=&#8221;off|desktop&#8221; button_bg_color__hover_enabled=&#8221;on|desktop&#8221; button_bg_color__hover=&#8221;rgba(255,255,255,0.24)&#8221; button_border_width__hover_enabled=&#8221;off|desktop&#8221; button_border_color__hover_enabled=&#8221;off|desktop&#8221; button_border_radius__hover_enabled=&#8221;off|desktop&#8221; button_text_color__hover=&#8221;#026596&#8243; custom_css_main_element_last_edited=&#8221;on|phone&#8221; custom_css_main_element_phone=&#8221; &#8221; custom_css_main_element_tablet=&#8221; &#8221; custom_css_after__hover=&#8221;padding-left:10px;&#8221; custom_css_after__hover_enabled=&#8221;on|hover&#8221;][\/et_pb_button][\/et_pb_column][et_pb_column type=&#8221;2_5&#8243; _builder_version=&#8221;4.16&#8243; global_colors_info=&#8221;{}&#8221;][\/et_pb_column][\/et_pb_row][\/et_pb_section][et_pb_section fb_built=&#8221;1&#8243; custom_padding_last_edited=&#8221;on|phone&#8221; _builder_version=&#8221;4.27.5&#8243; background_enable_color=&#8221;off&#8221; use_background_color_gradient=&#8221;on&#8221; background_color_gradient_stops=&#8221;rgba(255,255,255,0.56) 0%|rgba(255,255,255,0.56) 100%&#8221; background_color_gradient_overlays_image=&#8221;on&#8221; background_image=&#8221;https:\/\/deltacontrols.nl\/wp-content\/uploads\/2025\/12\/render.webp&#8221; background_size=&#8221;custom&#8221; background_image_width=&#8221;40%&#8221; background_position=&#8221;bottom_left&#8221; custom_margin=&#8221;||||false|false&#8221; custom_padding=&#8221;100px||100px||true|false&#8221; custom_padding_tablet=&#8221;75px||||false|false&#8221; custom_padding_phone=&#8221;50px||||false|false&#8221; global_colors_info=&#8221;{}&#8221;][et_pb_row column_structure=&#8221;3_5,2_5&#8243; custom_padding_last_edited=&#8221;off|desktop&#8221; _builder_version=&#8221;4.27.5&#8243; custom_margin=&#8221;||100px||false|false&#8221; custom_margin_phone=&#8221;0px||-25px||false|false&#8221; custom_margin_last_edited=&#8221;off|desktop&#8221; custom_padding=&#8221;0px|0px|0px|0px|true|false&#8221; custom_padding_phone=&#8221;10px|10px|5px|10px|false|true&#8221; hover_transition_duration=&#8221;0ms&#8221; border_radii=&#8221;on|3px|3px|3px|3px&#8221; border_color_all=&#8221;#d1d1d1&#8243; border_color_bottom=&#8221;#d1d1d1&#8243; global_colors_info=&#8221;{}&#8221; body_font_size_phone=&#8221;14px&#8221; body_font_size_last_edited=&#8221;on|phone&#8221;][et_pb_column type=&#8221;3_5&#8243; _builder_version=&#8221;4.16&#8243; global_colors_info=&#8221;{}&#8221;][et_pb_text _builder_version=&#8221;4.27.5&#8243; _module_preset=&#8221;default&#8221; header_2_font_size=&#8221;40px&#8221; custom_margin=&#8221;0px||0px||true|false&#8221; custom_padding=&#8221;0px||0px||true|false&#8221; header_2_font_size_tablet=&#8221;35px&#8221; header_2_font_size_phone=&#8221;30px&#8221; header_2_font_size_last_edited=&#8221;on|phone&#8221; locked=&#8221;off&#8221; global_colors_info=&#8221;{}&#8221;]<\/p>\n<p><em>Head Office<\/em><\/p>\n<p>[\/et_pb_text][et_pb_text _builder_version=&#8221;4.27.5&#8243; _module_preset=&#8221;default&#8221; header_2_font_size=&#8221;40px&#8221; custom_margin=&#8221;0px||0px||true|false&#8221; custom_padding=&#8221;0px||0px||true|false&#8221; header_2_font_size_tablet=&#8221;35px&#8221; header_2_font_size_phone=&#8221;30px&#8221; header_2_font_size_last_edited=&#8221;on|phone&#8221; locked=&#8221;off&#8221; global_colors_info=&#8221;{}&#8221;]<\/p>\n<h2>Delta Controls \u2013 Emmen<\/h2>\n<p>Our headquarters in Emmen is the central hub of our organisation. From this location, we design, build and deliver new valves tailored to customer specifications. In addition, we carry out valve overhaul, maintenance and repair services. With extensive workshop facilities and in-house expertise, Emmen forms the technical heart of Delta Controls.[\/et_pb_text][\/et_pb_column][et_pb_column type=&#8221;2_5&#8243; _builder_version=&#8221;4.16&#8243; global_colors_info=&#8221;{}&#8221;][et_pb_cta title=&#8221;Get in contact&#8221; button_url=&#8221;tel:+31591678800&#8243; button_text=&#8221;+31 (0) 591 678 800&#8243; _builder_version=&#8221;4.27.6&#8243; _module_preset=&#8221;default&#8221; header_level=&#8221;h3&#8243; header_font_size=&#8221;30px&#8221; background_enable_color=&#8221;off&#8221; use_background_color_gradient=&#8221;on&#8221; background_color_gradient_stops=&#8221;rgba(11,26,54,0.3) 0%|rgba(11,26,54,0.84) 100%&#8221; background_color_gradient_overlays_image=&#8221;on&#8221; background_image=&#8221;https:\/\/deltacontrols.nl\/wp-content\/uploads\/2026\/04\/pand-e1775222678110.webp&#8221; custom_button=&#8221;on&#8221; button_text_size=&#8221;14px&#8221; button_text_color=&#8221;#0B1A36&#8243; button_bg_color=&#8221;#FFFFFF&#8221; button_border_radius=&#8221;4px&#8221; button_icon=&#8221;&#xe090;||divi||400&#8243; button_icon_color=&#8221;#026596&#8243; button_icon_placement=&#8221;left&#8221; button_on_hover=&#8221;off&#8221; button_custom_padding=&#8221;10px|30px|10px|45px|true|false&#8221; text_orientation=&#8221;left&#8221; custom_padding=&#8221;25px|25px|25px|25px|true|true&#8221; hover_enabled=&#8221;0&#8243; custom_css_free_form=&#8221;selector .et_pb_button:after {||  padding-left:5px;||}||||selector .et_pb_button:hover:after {||  padding-left:10px;||}&#8221; border_radii=&#8221;on|10px|10px|10px|10px&#8221; locked=&#8221;off&#8221; global_colors_info=&#8221;{}&#8221; title_text=&#8221;pand&#8221; sticky_enabled=&#8221;0&#8243;]<\/p>\n<p>Pieter de Keyserstraat 6<br \/>7825 VE Emmen<br \/>The Netherlands<\/p>\n<p>[\/et_pb_cta][\/et_pb_column][\/et_pb_row][et_pb_row column_structure=&#8221;3_5,2_5&#8243; custom_padding_last_edited=&#8221;off|desktop&#8221; _builder_version=&#8221;4.27.5&#8243; custom_margin=&#8221;||0px||false|false&#8221; custom_margin_phone=&#8221;0px||-25px||false|false&#8221; custom_margin_last_edited=&#8221;off|desktop&#8221; custom_padding=&#8221;0px|0px|0px|0px|true|false&#8221; custom_padding_phone=&#8221;10px|10px|5px|10px|false|true&#8221; hover_transition_duration=&#8221;0ms&#8221; border_radii=&#8221;on|3px|3px|3px|3px&#8221; border_color_all=&#8221;#d1d1d1&#8243; border_color_bottom=&#8221;#d1d1d1&#8243; global_colors_info=&#8221;{}&#8221; body_font_size_phone=&#8221;14px&#8221; body_font_size_last_edited=&#8221;on|phone&#8221;][et_pb_column type=&#8221;3_5&#8243; _builder_version=&#8221;4.16&#8243; global_colors_info=&#8221;{}&#8221;][et_pb_text _builder_version=&#8221;4.27.5&#8243; _module_preset=&#8221;default&#8221; header_2_font_size=&#8221;40px&#8221; custom_margin=&#8221;0px||0px||true|false&#8221; custom_padding=&#8221;0px||0px||true|false&#8221; header_2_font_size_tablet=&#8221;35px&#8221; header_2_font_size_phone=&#8221;30px&#8221; header_2_font_size_last_edited=&#8221;on|phone&#8221; locked=&#8221;off&#8221; global_colors_info=&#8221;{}&#8221;]<\/p>\n<h2>Delta Controls \u2013 Farmsum<\/h2>\n<p>Our Farmsum location serves as an operational base and workshop, primarily focused on projects and on-site activities in the Eemshaven area. This strategic presence enables us to respond quickly and efficiently to customer needs within this important industrial region.<\/p>\n<p>[\/et_pb_text][\/et_pb_column][et_pb_column type=&#8221;2_5&#8243; _builder_version=&#8221;4.16&#8243; global_colors_info=&#8221;{}&#8221;][et_pb_cta title=&#8221;Get in contact&#8221; button_url=&#8221;tel:+31596619800&#8243; button_text=&#8221;+31 (0) 596 619 800&#8243; _builder_version=&#8221;4.27.6&#8243; _module_preset=&#8221;default&#8221; header_level=&#8221;h3&#8243; header_font_size=&#8221;30px&#8221; background_enable_color=&#8221;off&#8221; use_background_color_gradient=&#8221;on&#8221; background_color_gradient_stops=&#8221;rgba(11,26,54,0.3) 0%|rgba(11,26,54,0.84) 100%&#8221; background_color_gradient_overlays_image=&#8221;on&#8221; background_image=&#8221;https:\/\/deltacontrols.nl\/wp-content\/uploads\/2025\/12\/veenstragroup-afbeelding-onderhoud.webp&#8221; custom_button=&#8221;on&#8221; button_text_size=&#8221;14px&#8221; button_text_color=&#8221;#0B1A36&#8243; button_bg_color=&#8221;#FFFFFF&#8221; button_border_radius=&#8221;4px&#8221; button_icon=&#8221;&#xe090;||divi||400&#8243; button_icon_color=&#8221;#026596&#8243; button_icon_placement=&#8221;left&#8221; button_on_hover=&#8221;off&#8221; button_custom_padding=&#8221;10px|30px|10px|45px|true|false&#8221; text_orientation=&#8221;left&#8221; custom_padding=&#8221;25px|25px|25px|25px|true|true&#8221; custom_css_free_form=&#8221;selector .et_pb_button:after {||  padding-left:5px;||}||||selector .et_pb_button:hover:after {||  padding-left:10px;||}&#8221; border_radii=&#8221;on|10px|10px|10px|10px&#8221; locked=&#8221;off&#8221; global_colors_info=&#8221;{}&#8221;]<\/p>\n<p>Deltaweg 2<br \/>9936 HK Farmsum<br \/>The Netherlands<\/p>\n<p>[\/et_pb_cta][\/et_pb_column][\/et_pb_row][\/et_pb_section]<\/p>\n","protected":false},"excerpt":{"rendered":"<p>Our LocationsDelta Controls operates from two strategic locations in the Netherlands, allowing us to serve our customers efficiently across the region.Head OfficeDelta Controls \u2013 Emmen Our headquarters in Emmen is the central hub of our organisation. From this location, we design, build and deliver new valves tailored to customer specifications. In addition, we carry out [&hellip;]<\/p>\n","protected":false},"author":6,"featured_media":0,"parent":56,"menu_order":0,"comment_status":"closed","ping_status":"closed","template":"","meta":{"_acf_changed":false,"_et_pb_use_builder":"on","_et_pb_old_content":"","_et_gb_content_width":"","footnotes":""},"class_list":["post-250962","page","type-page","status-publish","hentry"],"acf":[],"yoast_head":"<!-- This site is optimized with the Yoast SEO plugin v27.5 - https:\/\/yoast.com\/product\/yoast-seo-wordpress\/ -->\n<title>Our locations - Delta Controls<\/title>\n<meta name=\"description\" content=\"Delta Controls operates from two strategic locations in the Netherlands, allowing us to serve our customers efficiently across the region.\" \/>\n<meta name=\"robots\" content=\"index, follow, max-snippet:-1, max-image-preview:large, max-video-preview:-1\" \/>\n<link rel=\"canonical\" href=\"https:\/\/deltacontrols.nl\/fr\/contact\/our-locations\/\" \/>\n<meta property=\"og:locale\" content=\"fr_FR\" \/>\n<meta property=\"og:type\" content=\"article\" \/>\n<meta property=\"og:title\" content=\"Our locations - Delta Controls\" \/>\n<meta property=\"og:description\" content=\"Delta Controls operates from two strategic locations in the Netherlands, allowing us to serve our customers efficiently across the region.\" \/>\n<meta property=\"og:url\" content=\"https:\/\/deltacontrols.nl\/fr\/contact\/our-locations\/\" \/>\n<meta property=\"og:site_name\" content=\"Delta Controls\" \/>\n<meta property=\"article:modified_time\" content=\"2026-04-09T13:55:19+00:00\" \/>\n<meta name=\"twitter:card\" content=\"summary_large_image\" \/>\n<meta name=\"twitter:label1\" content=\"Dur\u00e9e de lecture estim\u00e9e\" \/>\n\t<meta name=\"twitter:data1\" content=\"1 minute\" \/>\n<script type=\"application\/ld+json\" class=\"yoast-schema-graph\">{\"@context\":\"https:\\\/\\\/schema.org\",\"@graph\":[{\"@type\":\"WebPage\",\"@id\":\"https:\\\/\\\/deltacontrols.nl\\\/contact\\\/our-locations\\\/\",\"url\":\"https:\\\/\\\/deltacontrols.nl\\\/contact\\\/our-locations\\\/\",\"name\":\"Our locations - Delta Controls\",\"isPartOf\":{\"@id\":\"https:\\\/\\\/deltacontrols.nl\\\/#website\"},\"datePublished\":\"2026-02-26T11:32:22+00:00\",\"dateModified\":\"2026-04-09T13:55:19+00:00\",\"description\":\"Delta Controls operates from two strategic locations in the Netherlands, allowing us to serve our customers efficiently across the region.\",\"breadcrumb\":{\"@id\":\"https:\\\/\\\/deltacontrols.nl\\\/contact\\\/our-locations\\\/#breadcrumb\"},\"inLanguage\":\"fr-FR\",\"potentialAction\":[{\"@type\":\"ReadAction\",\"target\":[\"https:\\\/\\\/deltacontrols.nl\\\/contact\\\/our-locations\\\/\"]}]},{\"@type\":\"BreadcrumbList\",\"@id\":\"https:\\\/\\\/deltacontrols.nl\\\/contact\\\/our-locations\\\/#breadcrumb\",\"itemListElement\":[{\"@type\":\"ListItem\",\"position\":1,\"name\":\"Home\",\"item\":\"https:\\\/\\\/deltacontrols.nl\\\/\"},{\"@type\":\"ListItem\",\"position\":2,\"name\":\"Contact\",\"item\":\"https:\\\/\\\/deltacontrols.nl\\\/contact\\\/\"},{\"@type\":\"ListItem\",\"position\":3,\"name\":\"Our locations\"}]},{\"@type\":\"WebSite\",\"@id\":\"https:\\\/\\\/deltacontrols.nl\\\/#website\",\"url\":\"https:\\\/\\\/deltacontrols.nl\\\/\",\"name\":\"Delta Controls\",\"description\":\"\",\"potentialAction\":[{\"@type\":\"SearchAction\",\"target\":{\"@type\":\"EntryPoint\",\"urlTemplate\":\"https:\\\/\\\/deltacontrols.nl\\\/?s={search_term_string}\"},\"query-input\":{\"@type\":\"PropertyValueSpecification\",\"valueRequired\":true,\"valueName\":\"search_term_string\"}}],\"inLanguage\":\"fr-FR\"}]}<\/script>\n<!-- \/ Yoast SEO plugin. -->","yoast_head_json":{"title":"Nos implantations - Delta Controls","description":"Delta Controls op\u00e8re \u00e0 partir de deux sites strat\u00e9giques aux Pays-Bas, ce qui nous permet de servir efficacement nos clients dans toute la r\u00e9gion.","robots":{"index":"index","follow":"follow","max-snippet":"max-snippet:-1","max-image-preview":"max-image-preview:large","max-video-preview":"max-video-preview:-1"},"canonical":"https:\/\/deltacontrols.nl\/fr\/contact\/our-locations\/","og_locale":"fr_FR","og_type":"article","og_title":"Our locations - Delta Controls","og_description":"Delta Controls operates from two strategic locations in the Netherlands, allowing us to serve our customers efficiently across the region.","og_url":"https:\/\/deltacontrols.nl\/fr\/contact\/our-locations\/","og_site_name":"Delta Controls","article_modified_time":"2026-04-09T13:55:19+00:00","twitter_card":"summary_large_image","twitter_misc":{"Dur\u00e9e de lecture estim\u00e9e":"1 minute"},"schema":{"@context":"https:\/\/schema.org","@graph":[{"@type":"WebPage","@id":"https:\/\/deltacontrols.nl\/contact\/our-locations\/","url":"https:\/\/deltacontrols.nl\/contact\/our-locations\/","name":"Nos implantations - Delta Controls","isPartOf":{"@id":"https:\/\/deltacontrols.nl\/#website"},"datePublished":"2026-02-26T11:32:22+00:00","dateModified":"2026-04-09T13:55:19+00:00","description":"Delta Controls op\u00e8re \u00e0 partir de deux sites strat\u00e9giques aux Pays-Bas, ce qui nous permet de servir efficacement nos clients dans toute la r\u00e9gion.","breadcrumb":{"@id":"https:\/\/deltacontrols.nl\/contact\/our-locations\/#breadcrumb"},"inLanguage":"fr-FR","potentialAction":[{"@type":"ReadAction","target":["https:\/\/deltacontrols.nl\/contact\/our-locations\/"]}]},{"@type":"BreadcrumbList","@id":"https:\/\/deltacontrols.nl\/contact\/our-locations\/#breadcrumb","itemListElement":[{"@type":"ListItem","position":1,"name":"Home","item":"https:\/\/deltacontrols.nl\/"},{"@type":"ListItem","position":2,"name":"Contact","item":"https:\/\/deltacontrols.nl\/contact\/"},{"@type":"ListItem","position":3,"name":"Our locations"}]},{"@type":"WebSite","@id":"https:\/\/deltacontrols.nl\/#website","url":"https:\/\/deltacontrols.nl\/","name":"Delta Controls","description":"","potentialAction":[{"@type":"SearchAction","target":{"@type":"EntryPoint","urlTemplate":"https:\/\/deltacontrols.nl\/?s={search_term_string}"},"query-input":{"@type":"PropertyValueSpecification","valueRequired":true,"valueName":"search_term_string"}}],"inLanguage":"fr-FR"}]}},"_links":{"self":[{"href":"https:\/\/deltacontrols.nl\/fr\/wp-json\/wp\/v2\/pages\/250962","targetHints":{"allow":["GET"]}}],"collection":[{"href":"https:\/\/deltacontrols.nl\/fr\/wp-json\/wp\/v2\/pages"}],"about":[{"href":"https:\/\/deltacontrols.nl\/fr\/wp-json\/wp\/v2\/types\/page"}],"author":[{"embeddable":true,"href":"https:\/\/deltacontrols.nl\/fr\/wp-json\/wp\/v2\/users\/6"}],"replies":[{"embeddable":true,"href":"https:\/\/deltacontrols.nl\/fr\/wp-json\/wp\/v2\/comments?post=250962"}],"version-history":[{"count":11,"href":"https:\/\/deltacontrols.nl\/fr\/wp-json\/wp\/v2\/pages\/250962\/revisions"}],"predecessor-version":[{"id":251645,"href":"https:\/\/deltacontrols.nl\/fr\/wp-json\/wp\/v2\/pages\/250962\/revisions\/251645"}],"up":[{"embeddable":true,"href":"https:\/\/deltacontrols.nl\/fr\/wp-json\/wp\/v2\/pages\/56"}],"wp:attachment":[{"href":"https:\/\/deltacontrols.nl\/fr\/wp-json\/wp\/v2\/media?parent=250962"}],"curies":[{"name":"wp","href":"https:\/\/api.w.org\/{rel}","templated":true}]}}