{"id":250989,"date":"2026-03-09T08:53:29","date_gmt":"2026-03-09T08:53:29","guid":{"rendered":"https:\/\/deltacontrols.nl\/?page_id=250989"},"modified":"2026-04-14T06:49:14","modified_gmt":"2026-04-14T06:49:14","slug":"certificates","status":"publish","type":"page","link":"https:\/\/deltacontrols.nl\/fr\/about-us\/certificates\/","title":{"rendered":"Certificats"},"content":{"rendered":"<p>[et_pb_section fb_built=&#8221;1&#8243; custom_padding_last_edited=&#8221;on|phone&#8221; module_class=&#8221;header&#8221; _builder_version=&#8221;4.27.6&#8243; _module_preset=&#8221;default&#8221; use_background_color_gradient=&#8221;on&#8221; background_color_gradient_direction=&#8221;90deg&#8221; background_color_gradient_stops=&#8221;rgba(11,26,54,0.85) 0%|rgba(11,26,54,0.3) 100%&#8221; background_color_gradient_overlays_image=&#8221;on&#8221; background_image=&#8221;https:\/\/deltacontrols.nl\/wp-content\/uploads\/2026\/04\/Project-Locatie-Valves-and-Actuators.webp&#8221; background_position=&#8221;top_center&#8221; background_vertical_offset=&#8221;62%&#8221; height=&#8221;65vh&#8221; height_tablet=&#8221;auto&#8221; height_phone=&#8221;auto&#8221; height_last_edited=&#8221;on|phone&#8221; custom_padding=&#8221;100px||100px||true|false&#8221; custom_padding_tablet=&#8221;100px||100px||true|false&#8221; custom_padding_phone=&#8221;100px||0px||false|false&#8221; global_colors_info=&#8221;{}&#8221;][et_pb_row column_structure=&#8221;3_5,2_5&#8243; _builder_version=&#8221;4.27.5&#8243; positioning=&#8221;absolute&#8221; position_origin_a=&#8221;bottom_center&#8221; vertical_offset=&#8221;10vh&#8221; position_origin_a_tablet=&#8221;bottom_center&#8221; position_origin_a_phone=&#8221;bottom_center&#8221; position_origin_a_last_edited=&#8221;on|desktop&#8221; position_origin_f_tablet=&#8221;&#8221; position_origin_f_phone=&#8221;&#8221; position_origin_f_last_edited=&#8221;on|desktop&#8221; position_origin_r_tablet=&#8221;&#8221; position_origin_r_phone=&#8221;&#8221; position_origin_r_last_edited=&#8221;on|desktop&#8221; custom_margin=&#8221;0px||0px||true|false&#8221; custom_padding=&#8221;0px||0px||true|false&#8221; positioning_tablet=&#8221;none&#8221; positioning_phone=&#8221;none&#8221; positioning_last_edited=&#8221;on|phone&#8221; global_colors_info=&#8221;{}&#8221;][et_pb_column type=&#8221;3_5&#8243; _builder_version=&#8221;4.16&#8243; global_colors_info=&#8221;{}&#8221;][et_pb_text _builder_version=&#8221;4.27.6&#8243; header_text_color=&#8221;#FFFFFF&#8221; header_font_size=&#8221;70px&#8221; custom_margin=&#8221;0px||0px||true|false&#8221; custom_padding=&#8221;0px||0px||true|false&#8221; header_font_size_tablet=&#8221;60px&#8221; header_font_size_phone=&#8221;50px&#8221; header_font_size_last_edited=&#8221;on|phone&#8221; global_colors_info=&#8221;{}&#8221;]<\/p>\n<h1>Certificates<\/h1>\n<p>[\/et_pb_text][et_pb_divider color=&#8221;#008CBE&#8221; divider_position=&#8221;center&#8221; divider_weight=&#8221;4px&#8221; _builder_version=&#8221;4.27.5&#8243; _module_preset=&#8221;default&#8221; width=&#8221;25%&#8221; custom_margin=&#8221;0px||10px||false|false&#8221; custom_padding=&#8221;0px||0px||true|false&#8221; global_colors_info=&#8221;{}&#8221;][\/et_pb_divider][et_pb_button button_url=&#8221;\/contact\/&#8221; button_text=&#8221;Get in touch with us&#8221; _builder_version=&#8221;4.27.6&#8243; _module_preset=&#8221;default&#8221; button_text_color=&#8221;#026596&#8243; button_border_width=&#8221;1px&#8221; button_border_color=&#8221;#FFFFFF&#8221; button_border_radius=&#8221;4px&#8221; button_use_icon=&#8221;off&#8221; custom_margin=&#8221;0px||0px||false|false&#8221; custom_margin_tablet=&#8221;||20px||false|false&#8221; custom_margin_phone=&#8221;||20px||false|false&#8221; custom_margin_last_edited=&#8221;on|phone&#8221; custom_css_main_element=&#8221;float:left;||margin-right:20px;&#8221; global_colors_info=&#8221;{}&#8221; button_text_color__hover_enabled=&#8221;off|desktop&#8221; button_bg_color__hover_enabled=&#8221;on|desktop&#8221; button_bg_color__hover=&#8221;#F0F6FF&#8221; button_border_width__hover_enabled=&#8221;off|desktop&#8221; button_border_color__hover_enabled=&#8221;off|desktop&#8221; button_border_radius__hover_enabled=&#8221;off|desktop&#8221; custom_css_main_element_last_edited=&#8221;on|phone&#8221; custom_css_main_element_phone=&#8221; &#8221; custom_css_main_element_tablet=&#8221; &#8220;][\/et_pb_button][et_pb_button button_url=&#8221;\/about-us\/&#8221; button_text=&#8221;More about us&#8221; _builder_version=&#8221;4.27.6&#8243; _module_preset=&#8221;default&#8221; button_text_color=&#8221;#FFFFFF&#8221; button_bg_color=&#8221;RGBA(255,255,255,0)&#8221; button_border_width=&#8221;1px&#8221; button_border_color=&#8221;#FFFFFF&#8221; button_border_radius=&#8221;4px&#8221; button_icon=&#8221;&#xf061;||fa||900&#8243; custom_margin=&#8221;0px||0px||true|false&#8221; custom_padding=&#8221;10px|45px|10px|30px|true|false&#8221; custom_css_main_element=&#8221;float:left;&#8221; custom_css_after=&#8221;padding-left:5px;&#8221; global_colors_info=&#8221;{}&#8221; button_text_color__hover_enabled=&#8221;off|desktop&#8221; button_bg_color__hover_enabled=&#8221;on|desktop&#8221; button_bg_color__hover=&#8221;rgba(255,255,255,0.24)&#8221; button_border_width__hover_enabled=&#8221;off|desktop&#8221; button_border_color__hover_enabled=&#8221;off|desktop&#8221; button_border_radius__hover_enabled=&#8221;off|desktop&#8221; button_text_color__hover=&#8221;#026596&#8243; custom_css_main_element_last_edited=&#8221;on|phone&#8221; custom_css_main_element_phone=&#8221; &#8221; custom_css_main_element_tablet=&#8221; &#8221; custom_css_after__hover=&#8221;padding-left:10px;&#8221; custom_css_after__hover_enabled=&#8221;on|hover&#8221;][\/et_pb_button][\/et_pb_column][et_pb_column type=&#8221;2_5&#8243; _builder_version=&#8221;4.16&#8243; global_colors_info=&#8221;{}&#8221;][\/et_pb_column][\/et_pb_row][\/et_pb_section][et_pb_section fb_built=&#8221;1&#8243; custom_padding_last_edited=&#8221;on|phone&#8221; _builder_version=&#8221;4.27.6&#8243; _module_preset=&#8221;default&#8221; background_enable_color=&#8221;off&#8221; use_background_color_gradient=&#8221;on&#8221; background_color_gradient_stops=&#8221;rgba(255,255,255,0.56) 0%|rgba(255,255,255,0.56) 100%&#8221; background_color_gradient_overlays_image=&#8221;on&#8221; background_image=&#8221;https:\/\/deltacontrols.nl\/wp-content\/uploads\/2025\/12\/render.webp&#8221; background_size=&#8221;custom&#8221; background_image_width=&#8221;40%&#8221; background_position=&#8221;bottom_left&#8221; custom_margin=&#8221;||||false|false&#8221; custom_padding=&#8221;100px||100px||true|false&#8221; custom_padding_tablet=&#8221;75px||||false|false&#8221; custom_padding_phone=&#8221;50px||0px||false|false&#8221; locked=&#8221;off&#8221; global_colors_info=&#8221;{}&#8221;][et_pb_row column_structure=&#8221;1_3,1_3,1_3&#8243; _builder_version=&#8221;4.27.6&#8243; _module_preset=&#8221;default&#8221; custom_padding=&#8221;0px||0px||true|false&#8221; global_colors_info=&#8221;{}&#8221;][et_pb_column type=&#8221;1_3&#8243; _builder_version=&#8221;4.27.6&#8243; _module_preset=&#8221;default&#8221; global_colors_info=&#8221;{}&#8221;][et_pb_text _builder_version=&#8221;4.27.6&#8243; _module_preset=&#8221;default&#8221; header_2_font_size=&#8221;40px&#8221; custom_margin=&#8221;||20px||false|false&#8221; header_2_font_size_tablet=&#8221;35px&#8221; header_2_font_size_phone=&#8221;30px&#8221; header_2_font_size_last_edited=&#8221;on|phone&#8221; locked=&#8221;off&#8221; global_colors_info=&#8221;{}&#8221;]<\/p>\n<h2>Certificates<\/h2>\n<p>[\/et_pb_text][\/et_pb_column][et_pb_column type=&#8221;1_3&#8243; _builder_version=&#8221;4.27.6&#8243; _module_preset=&#8221;default&#8221; global_colors_info=&#8221;{}&#8221;][\/et_pb_column][et_pb_column type=&#8221;1_3&#8243; _builder_version=&#8221;4.27.6&#8243; _module_preset=&#8221;default&#8221; global_colors_info=&#8221;{}&#8221;][\/et_pb_column][\/et_pb_row][et_pb_row column_structure=&#8221;1_5,1_5,1_5,1_5,1_5&#8243; use_custom_gutter=&#8221;on&#8221; gutter_width=&#8221;2&#8243; make_equal=&#8221;on&#8221; _builder_version=&#8221;4.27.6&#8243; _module_preset=&#8221;default&#8221; custom_padding=&#8221;0px||0px||true|false&#8221; global_colors_info=&#8221;{}&#8221;][et_pb_column type=&#8221;1_5&#8243; _builder_version=&#8221;4.27.6&#8243; _module_preset=&#8221;default&#8221; border_radii=&#8221;on|8px|8px|8px|8px&#8221; border_width_all=&#8221;1px&#8221; border_color_all=&#8221;#F0F6FF&#8221; global_colors_info=&#8221;{}&#8221;][et_pb_image src=&#8221;https:\/\/deltacontrols.nl\/wp-content\/uploads\/2026\/03\/veenstra-group-iso-certificate-9001.webp&#8221; title_text=&#8221;veenstra-group-iso-certificate-9001&#8243; _builder_version=&#8221;4.27.6&#8243; _module_preset=&#8221;default&#8221; custom_margin=&#8221;0px||0px||true|false&#8221; custom_padding=&#8221;0px||0px||true|false&#8221; global_colors_info=&#8221;{}&#8221;][\/et_pb_image][et_pb_text admin_label=&#8221;Tekst&#8221; _builder_version=&#8221;4.27.6&#8243; _module_preset=&#8221;default&#8221; text_text_color=&#8221;#FFFFFF&#8221; link_font=&#8221;||||||||&#8221; link_text_color=&#8221;#FFFFFF&#8221; header_3_text_color=&#8221;#FFFFFF&#8221; header_3_font_size=&#8221;21px&#8221; use_background_color_gradient=&#8221;on&#8221; background_color_gradient_stops=&#8221;rgba(2,101,150,0.8) 0%|rgba(2,101,150,0.8) 100%&#8221; background_color_gradient_overlays_image=&#8221;on&#8221; positioning=&#8221;absolute&#8221; position_origin_a=&#8221;bottom_center&#8221; z_index=&#8221;10&#8243; text_orientation=&#8221;center&#8221; width=&#8221;100%&#8221; custom_margin=&#8221;10px||||false|false&#8221; custom_padding=&#8221;10px|10px|10px|10px|true|true&#8221; custom_css_free_form=&#8221;selector a:hover {||  text-decoration:underline||}||||&#8221; global_colors_info=&#8221;{}&#8221;]<\/p>\n<h3>ISO 9001:2015<\/h3>\n<p><a href=\"\/wp-content\/uploads\/2026\/03\/veenstra-group-iso-certificate-9001.pdf\" target=\"_blank\" rel=\"noopener\">Show certificate<\/a> <i class=\"fa-solid fa-arrow-right\"><\/i><\/p>\n<p>[\/et_pb_text][\/et_pb_column][et_pb_column type=&#8221;1_5&#8243; _builder_version=&#8221;4.27.6&#8243; _module_preset=&#8221;default&#8221; border_radii=&#8221;on|8px|8px|8px|8px&#8221; border_width_all=&#8221;1px&#8221; border_color_all=&#8221;#F0F6FF&#8221; global_colors_info=&#8221;{}&#8221;][et_pb_image src=&#8221;https:\/\/deltacontrols.nl\/wp-content\/uploads\/2026\/03\/veenstra-group-iso-certificate-14001.webp&#8221; title_text=&#8221;veenstra-group-iso-certificate-14001&#8243; _builder_version=&#8221;4.27.6&#8243; _module_preset=&#8221;default&#8221; custom_margin=&#8221;0px||0px||true|false&#8221; custom_padding=&#8221;0px||0px||true|false&#8221; global_colors_info=&#8221;{}&#8221;][\/et_pb_image][et_pb_text _builder_version=&#8221;4.27.6&#8243; _module_preset=&#8221;default&#8221; text_text_color=&#8221;#FFFFFF&#8221; link_font=&#8221;||||||||&#8221; link_text_color=&#8221;#FFFFFF&#8221; header_3_text_color=&#8221;#FFFFFF&#8221; header_3_font_size=&#8221;21px&#8221; use_background_color_gradient=&#8221;on&#8221; background_color_gradient_stops=&#8221;rgba(2,101,150,0.8) 0%|rgba(2,101,150,0.8) 100%&#8221; background_color_gradient_overlays_image=&#8221;on&#8221; positioning=&#8221;absolute&#8221; position_origin_a=&#8221;bottom_center&#8221; z_index=&#8221;10&#8243; text_orientation=&#8221;center&#8221; width=&#8221;100%&#8221; custom_margin=&#8221;10px||||false|false&#8221; custom_padding=&#8221;10px|10px|10px|10px|true|true&#8221; custom_css_free_form=&#8221;selector a:hover {||  text-decoration:underline||}||||&#8221; global_colors_info=&#8221;{}&#8221;]<\/p>\n<h3>ISO 14001:2015<\/h3>\n<p><a href=\"\/wp-content\/uploads\/2026\/03\/veenstra-group-iso-certificate-14001.pdf\" target=\"_blank\" rel=\"noopener\">Show certificate<\/a> <i class=\"fa-solid fa-arrow-right\"><\/i><\/p>\n<p>[\/et_pb_text][\/et_pb_column][et_pb_column type=&#8221;1_5&#8243; _builder_version=&#8221;4.27.6&#8243; _module_preset=&#8221;default&#8221; border_radii=&#8221;on|8px|8px|8px|8px&#8221; border_width_all=&#8221;1px&#8221; border_color_all=&#8221;#F0F6FF&#8221; global_colors_info=&#8221;{}&#8221;][et_pb_image src=&#8221;https:\/\/deltacontrols.nl\/wp-content\/uploads\/2026\/03\/veenstra-group-vca-p-certificate.webp&#8221; title_text=&#8221;veenstra-group-vca-p-certificate&#8221; _builder_version=&#8221;4.27.6&#8243; _module_preset=&#8221;default&#8221; custom_margin=&#8221;0px||0px||true|false&#8221; custom_padding=&#8221;0px||0px||true|false&#8221; global_colors_info=&#8221;{}&#8221;][\/et_pb_image][et_pb_text _builder_version=&#8221;4.27.6&#8243; _module_preset=&#8221;default&#8221; text_text_color=&#8221;#FFFFFF&#8221; link_font=&#8221;||||||||&#8221; link_text_color=&#8221;#FFFFFF&#8221; header_3_text_color=&#8221;#FFFFFF&#8221; header_3_font_size=&#8221;21px&#8221; use_background_color_gradient=&#8221;on&#8221; background_color_gradient_stops=&#8221;rgba(2,101,150,0.8) 0%|rgba(2,101,150,0.8) 100%&#8221; background_color_gradient_overlays_image=&#8221;on&#8221; positioning=&#8221;absolute&#8221; position_origin_a=&#8221;bottom_center&#8221; z_index=&#8221;10&#8243; text_orientation=&#8221;center&#8221; width=&#8221;100%&#8221; custom_margin=&#8221;10px||||false|false&#8221; custom_padding=&#8221;10px|10px|10px|10px|true|true&#8221; custom_css_free_form=&#8221;selector a:hover {||  text-decoration:underline||}||||&#8221; global_colors_info=&#8221;{}&#8221;]<\/p>\n<h3>VCA Petrochemie<\/h3>\n<p><a href=\"\/wp-content\/uploads\/2026\/03\/veenstra-group-vca-p-certificate.pdf\" target=\"_blank\" rel=\"noopener\">Show certificate<\/a> <i class=\"fa-solid fa-arrow-right\"><\/i><\/p>\n<p>[\/et_pb_text][\/et_pb_column][et_pb_column type=&#8221;1_5&#8243; _builder_version=&#8221;4.27.6&#8243; _module_preset=&#8221;default&#8221; global_colors_info=&#8221;{}&#8221;][\/et_pb_column][et_pb_column type=&#8221;1_5&#8243; _builder_version=&#8221;4.27.6&#8243; _module_preset=&#8221;default&#8221; global_colors_info=&#8221;{}&#8221;][\/et_pb_column][\/et_pb_row][\/et_pb_section][et_pb_section fb_built=&#8221;1&#8243; _builder_version=&#8221;4.27.5&#8243; _module_preset=&#8221;default&#8221; use_background_color_gradient=&#8221;on&#8221; background_color_gradient_stops=&#8221;#ffffff 0%|#ffffff 50%|#0b1a36 50%|#0b1a36 100%&#8221; custom_margin=&#8221;0px||-1px||false|false&#8221; custom_padding=&#8221;0px||20px||false|false&#8221; locked=&#8221;off&#8221; global_colors_info=&#8221;{}&#8221;][et_pb_row column_structure=&#8221;3_5,2_5&#8243; custom_padding_last_edited=&#8221;on|phone&#8221; _builder_version=&#8221;4.27.6&#8243; _module_preset=&#8221;default&#8221; use_background_color_gradient=&#8221;on&#8221; background_color_gradient_direction=&#8221;90deg&#8221; background_color_gradient_stops=&#8221;rgba(11,26,54,0.85) 0%|rgba(11,26,54,0.3) 100%&#8221; background_color_gradient_overlays_image=&#8221;on&#8221; background_image=&#8221;https:\/\/deltacontrols.nl\/wp-content\/uploads\/2026\/03\/accutorats-maintance.webp&#8221; background_position=&#8221;bottom_center&#8221; background_vertical_offset=&#8221;20%&#8221; width=&#8221;90%&#8221; custom_padding=&#8221;50px|50px|50px|50px|true|true&#8221; custom_padding_tablet=&#8221;50px|50px|50px|50px|true|true&#8221; custom_padding_phone=&#8221;25px|25px|25px|25px|true|true&#8221; border_radii=&#8221;on|15px|15px|15px|15px&#8221; global_module=&#8221;17995&#8243; global_colors_info=&#8221;{}&#8221;][et_pb_column type=&#8221;3_5&#8243; _builder_version=&#8221;4.27.5&#8243; _module_preset=&#8221;default&#8221; global_colors_info=&#8221;{}&#8221;][et_pb_divider color=&#8221;#008CBE&#8221; divider_position=&#8221;center&#8221; divider_weight=&#8221;4px&#8221; _builder_version=&#8221;4.27.5&#8243; _module_preset=&#8221;default&#8221; width=&#8221;20%&#8221; custom_margin=&#8221;0px||10px||false|false&#8221; custom_padding=&#8221;0px||0px||true|false&#8221; locked=&#8221;off&#8221; global_colors_info=&#8221;{}&#8221;][\/et_pb_divider][et_pb_text _builder_version=&#8221;4.27.6&#8243; _module_preset=&#8221;default&#8221; text_text_color=&#8221;#FFFFFF&#8221; header_2_text_color=&#8221;#FFFFFF&#8221; header_2_font_size=&#8221;40px&#8221; header_2_font_size_tablet=&#8221;35px&#8221; header_2_font_size_phone=&#8221;30px&#8221; header_2_font_size_last_edited=&#8221;on|phone&#8221; global_colors_info=&#8221;{}&#8221;]<\/p>\n<h2>Make your next turnaround a success<\/h2>\n<p>Ready to have your valves, actuators and control systems professionally maintainted?<br \/>Contact Delta Controls for an intake meeting, technical evaluation or planning of your next maintenance shutdown.<\/p>\n<p>[\/et_pb_text][et_pb_button button_url=&#8221;\/contact\/&#8221; button_text=&#8221;Get in touch with us&#8221; button_alignment=&#8221;left&#8221; _builder_version=&#8221;4.27.6&#8243; _module_preset=&#8221;default&#8221; button_text_size=&#8221;14px&#8221; button_text_color=&#8221;#FFFFFF&#8221; button_bg_color=&#8221;#008CBE&#8221; button_border_width=&#8221;1px&#8221; button_border_color=&#8221;#008CBE&#8221; button_border_radius=&#8221;4px&#8221; button_icon=&#8221;&#xf061;||fa||900&#8243; custom_margin=&#8221;0px||0px||true|false&#8221; custom_padding=&#8221;10px|45px|10px|30px|true|false&#8221; custom_css_after=&#8221;padding-left:5px;&#8221; locked=&#8221;off&#8221; global_colors_info=&#8221;{}&#8221; button_text_color__hover_enabled=&#8221;off|desktop&#8221; button_bg_color__hover=&#8221;#026596&#8243; button_border_width__hover_enabled=&#8221;off|desktop&#8221; button_border_radius__hover_enabled=&#8221;off|desktop&#8221; custom_css_main_element_last_edited=&#8221;off|desktop&#8221; custom_css_main_element_phone=&#8221; &#8221; custom_css_main_element_tablet=&#8221;float:left;||margin-right:20px;&#8221; button_border_color__hover=&#8221;#026596&#8243; button_bg_color__hover_enabled=&#8221;on|desktop&#8221; custom_css_after__hover=&#8221;padding-left:10px;&#8221; custom_css_after__hover_enabled=&#8221;on|hover&#8221;][\/et_pb_button][\/et_pb_column][et_pb_column type=&#8221;2_5&#8243; _builder_version=&#8221;4.27.5&#8243; _module_preset=&#8221;default&#8221; global_colors_info=&#8221;{}&#8221;][et_pb_blurb title=&#8221;24\/7 Support&#8221; use_icon=&#8221;on&#8221; font_icon=&#8221;&#xf590;||fa||900&#8243; icon_color=&#8221;#FFFFFF&#8221; icon_placement=&#8221;top&#8221; image_icon_width=&#8221;40px&#8221; icon_alignment=&#8221;left&#8221; _builder_version=&#8221;4.27.5&#8243; _module_preset=&#8221;default&#8221; header_level=&#8221;h3&#8243; header_font=&#8221;&#8211;et_global_heading_font||||||||&#8221; header_text_color=&#8221;#FFFFFF&#8221; header_font_size=&#8221;24px&#8221; body_text_color=&#8221;#FFFFFF&#8221; body_line_height=&#8221;1.3em&#8221; background_color=&#8221;#006597&#8243; background_image=&#8221;https:\/\/deltacontrols.nl\/wp-content\/uploads\/2025\/12\/beeldmerk.webp&#8221; background_size=&#8221;contain&#8221; position_origin_a=&#8221;bottom_left&#8221; vertical_offset=&#8221;20px&#8221; horizontal_offset=&#8221;20px&#8221; width=&#8221;70%&#8221; width_tablet=&#8221;70%&#8221; width_phone=&#8221;100%&#8221; width_last_edited=&#8221;on|phone&#8221; module_alignment=&#8221;right&#8221; custom_padding=&#8221;30px|30px|30px|30px|true|true&#8221; module_alignment_tablet=&#8221;center&#8221; module_alignment_phone=&#8221;center&#8221; module_alignment_last_edited=&#8221;on|tablet&#8221; custom_css_blurb_image=&#8221;margin-bottom:20px&#8221; border_radii=&#8221;on|15px|15px|15px|15px&#8221; locked=&#8221;off&#8221; global_colors_info=&#8221;{}&#8221;]<\/p>\n<p>Always someone available to help you.<\/p>\n<p>[\/et_pb_blurb][\/et_pb_column][\/et_pb_row][\/et_pb_section]<\/p>\n","protected":false},"excerpt":{"rendered":"<p>CertificatesCertificatesISO 9001:2015 Show certificate ISO 14001:2015 Show certificate VCA Petrochemie Show certificate Make your next turnaround a success Ready to have your valves, actuators and control systems professionally maintainted?Contact Delta Controls for an intake meeting, technical evaluation or planning of your next maintenance shutdown.Always someone available to help you.<\/p>","protected":false},"author":6,"featured_media":0,"parent":250870,"menu_order":0,"comment_status":"closed","ping_status":"closed","template":"","meta":{"_acf_changed":false,"_et_pb_use_builder":"on","_et_pb_old_content":"","_et_gb_content_width":"","footnotes":""},"class_list":["post-250989","page","type-page","status-publish","hentry"],"acf":[],"yoast_head":"<!-- This site is optimized with the Yoast SEO plugin v27.5 - https:\/\/yoast.com\/product\/yoast-seo-wordpress\/ -->\n<title>Certificates - Delta Controls<\/title>\n<meta name=\"description\" content=\"Delta Controls Certifications: Committed to the highest standards of quality, safety, and reliability in every project we execute.\" \/>\n<meta name=\"robots\" content=\"index, follow, max-snippet:-1, max-image-preview:large, max-video-preview:-1\" \/>\n<link rel=\"canonical\" href=\"https:\/\/deltacontrols.nl\/fr\/about-us\/certificates\/\" \/>\n<meta property=\"og:locale\" content=\"fr_FR\" \/>\n<meta property=\"og:type\" content=\"article\" \/>\n<meta property=\"og:title\" content=\"Certificates - Delta Controls\" \/>\n<meta property=\"og:description\" content=\"Delta Controls Certifications: Committed to the highest standards of quality, safety, and reliability in every project we execute.\" \/>\n<meta property=\"og:url\" content=\"https:\/\/deltacontrols.nl\/fr\/about-us\/certificates\/\" \/>\n<meta property=\"og:site_name\" content=\"Delta Controls\" \/>\n<meta property=\"article:modified_time\" content=\"2026-04-14T06:49:14+00:00\" \/>\n<meta name=\"twitter:card\" content=\"summary_large_image\" \/>\n<meta name=\"twitter:label1\" content=\"Dur\u00e9e de lecture estim\u00e9e\" \/>\n\t<meta name=\"twitter:data1\" content=\"1 minute\" \/>\n<script type=\"application\/ld+json\" class=\"yoast-schema-graph\">{\"@context\":\"https:\\\/\\\/schema.org\",\"@graph\":[{\"@type\":\"WebPage\",\"@id\":\"https:\\\/\\\/deltacontrols.nl\\\/about-us\\\/certificates\\\/\",\"url\":\"https:\\\/\\\/deltacontrols.nl\\\/about-us\\\/certificates\\\/\",\"name\":\"Certificates - Delta Controls\",\"isPartOf\":{\"@id\":\"https:\\\/\\\/deltacontrols.nl\\\/#website\"},\"datePublished\":\"2026-03-09T08:53:29+00:00\",\"dateModified\":\"2026-04-14T06:49:14+00:00\",\"description\":\"Delta Controls Certifications: Committed to the highest standards of quality, safety, and reliability in every project we execute.\",\"breadcrumb\":{\"@id\":\"https:\\\/\\\/deltacontrols.nl\\\/about-us\\\/certificates\\\/#breadcrumb\"},\"inLanguage\":\"fr-FR\",\"potentialAction\":[{\"@type\":\"ReadAction\",\"target\":[\"https:\\\/\\\/deltacontrols.nl\\\/about-us\\\/certificates\\\/\"]}]},{\"@type\":\"BreadcrumbList\",\"@id\":\"https:\\\/\\\/deltacontrols.nl\\\/about-us\\\/certificates\\\/#breadcrumb\",\"itemListElement\":[{\"@type\":\"ListItem\",\"position\":1,\"name\":\"Home\",\"item\":\"https:\\\/\\\/deltacontrols.nl\\\/\"},{\"@type\":\"ListItem\",\"position\":2,\"name\":\"About us\",\"item\":\"https:\\\/\\\/deltacontrols.nl\\\/about-us\\\/\"},{\"@type\":\"ListItem\",\"position\":3,\"name\":\"Certificates\"}]},{\"@type\":\"WebSite\",\"@id\":\"https:\\\/\\\/deltacontrols.nl\\\/#website\",\"url\":\"https:\\\/\\\/deltacontrols.nl\\\/\",\"name\":\"Delta Controls\",\"description\":\"\",\"potentialAction\":[{\"@type\":\"SearchAction\",\"target\":{\"@type\":\"EntryPoint\",\"urlTemplate\":\"https:\\\/\\\/deltacontrols.nl\\\/?s={search_term_string}\"},\"query-input\":{\"@type\":\"PropertyValueSpecification\",\"valueRequired\":true,\"valueName\":\"search_term_string\"}}],\"inLanguage\":\"fr-FR\"}]}<\/script>\n<!-- \/ Yoast SEO plugin. -->","yoast_head_json":{"title":"Certificats - Delta Controls","description":"Certifications de Delta Controls : Nous nous engageons \u00e0 respecter les normes les plus strictes en mati\u00e8re de qualit\u00e9, de s\u00e9curit\u00e9 et de fiabilit\u00e9 dans tous les projets que nous r\u00e9alisons.","robots":{"index":"index","follow":"follow","max-snippet":"max-snippet:-1","max-image-preview":"max-image-preview:large","max-video-preview":"max-video-preview:-1"},"canonical":"https:\/\/deltacontrols.nl\/fr\/about-us\/certificates\/","og_locale":"fr_FR","og_type":"article","og_title":"Certificates - Delta Controls","og_description":"Delta Controls Certifications: Committed to the highest standards of quality, safety, and reliability in every project we execute.","og_url":"https:\/\/deltacontrols.nl\/fr\/about-us\/certificates\/","og_site_name":"Delta Controls","article_modified_time":"2026-04-14T06:49:14+00:00","twitter_card":"summary_large_image","twitter_misc":{"Dur\u00e9e de lecture estim\u00e9e":"1 minute"},"schema":{"@context":"https:\/\/schema.org","@graph":[{"@type":"WebPage","@id":"https:\/\/deltacontrols.nl\/about-us\/certificates\/","url":"https:\/\/deltacontrols.nl\/about-us\/certificates\/","name":"Certificats - Delta Controls","isPartOf":{"@id":"https:\/\/deltacontrols.nl\/#website"},"datePublished":"2026-03-09T08:53:29+00:00","dateModified":"2026-04-14T06:49:14+00:00","description":"Certifications de Delta Controls : Nous nous engageons \u00e0 respecter les normes les plus strictes en mati\u00e8re de qualit\u00e9, de s\u00e9curit\u00e9 et de fiabilit\u00e9 dans tous les projets que nous r\u00e9alisons.","breadcrumb":{"@id":"https:\/\/deltacontrols.nl\/about-us\/certificates\/#breadcrumb"},"inLanguage":"fr-FR","potentialAction":[{"@type":"ReadAction","target":["https:\/\/deltacontrols.nl\/about-us\/certificates\/"]}]},{"@type":"BreadcrumbList","@id":"https:\/\/deltacontrols.nl\/about-us\/certificates\/#breadcrumb","itemListElement":[{"@type":"ListItem","position":1,"name":"Home","item":"https:\/\/deltacontrols.nl\/"},{"@type":"ListItem","position":2,"name":"About us","item":"https:\/\/deltacontrols.nl\/about-us\/"},{"@type":"ListItem","position":3,"name":"Certificates"}]},{"@type":"WebSite","@id":"https:\/\/deltacontrols.nl\/#website","url":"https:\/\/deltacontrols.nl\/","name":"Delta Controls","description":"","potentialAction":[{"@type":"SearchAction","target":{"@type":"EntryPoint","urlTemplate":"https:\/\/deltacontrols.nl\/?s={search_term_string}"},"query-input":{"@type":"PropertyValueSpecification","valueRequired":true,"valueName":"search_term_string"}}],"inLanguage":"fr-FR"}]}},"_links":{"self":[{"href":"https:\/\/deltacontrols.nl\/fr\/wp-json\/wp\/v2\/pages\/250989","targetHints":{"allow":["GET"]}}],"collection":[{"href":"https:\/\/deltacontrols.nl\/fr\/wp-json\/wp\/v2\/pages"}],"about":[{"href":"https:\/\/deltacontrols.nl\/fr\/wp-json\/wp\/v2\/types\/page"}],"author":[{"embeddable":true,"href":"https:\/\/deltacontrols.nl\/fr\/wp-json\/wp\/v2\/users\/6"}],"replies":[{"embeddable":true,"href":"https:\/\/deltacontrols.nl\/fr\/wp-json\/wp\/v2\/comments?post=250989"}],"version-history":[{"count":13,"href":"https:\/\/deltacontrols.nl\/fr\/wp-json\/wp\/v2\/pages\/250989\/revisions"}],"predecessor-version":[{"id":251683,"href":"https:\/\/deltacontrols.nl\/fr\/wp-json\/wp\/v2\/pages\/250989\/revisions\/251683"}],"up":[{"embeddable":true,"href":"https:\/\/deltacontrols.nl\/fr\/wp-json\/wp\/v2\/pages\/250870"}],"wp:attachment":[{"href":"https:\/\/deltacontrols.nl\/fr\/wp-json\/wp\/v2\/media?parent=250989"}],"curies":[{"name":"wp","href":"https:\/\/api.w.org\/{rel}","templated":true}]}}